{"id":2180,"date":"2019-09-08T05:52:40","date_gmt":"2019-09-08T08:52:40","guid":{"rendered":"http:\/\/demo.themewinter.com\/wp\/instive\/?page_id=2180"},"modified":"2023-01-30T11:13:07","modified_gmt":"2023-01-30T14:13:07","slug":"sobre-nos","status":"publish","type":"page","link":"https:\/\/dlxcorretora.com.br\/index.php\/sobre-nos\/","title":{"rendered":"Sobre N\u00f3s"},"content":{"rendered":"\t\t<div data-elementor-type=\"wp-page\" data-elementor-id=\"2180\" class=\"elementor elementor-2180\" data-elementor-post-type=\"page\">\n\t\t\t\t\t\t\t\t\t<section class=\"elementor-section elementor-top-section elementor-element elementor-element-546220c elementor-section-boxed elementor-section-height-default elementor-section-height-default\" data-id=\"546220c\" data-element_type=\"section\">\n\t\t\t\t\t\t<div class=\"elementor-container elementor-column-gap-default\">\n\t\t\t\t\t<div class=\"elementor-column elementor-col-100 elementor-top-column elementor-element elementor-element-d238f05\" data-id=\"d238f05\" data-element_type=\"column\">\n\t\t\t<div class=\"elementor-widget-wrap elementor-element-populated\">\n\t\t\t\t\t\t\t\t<div class=\"elementor-element elementor-element-8050cc1 elementor-widget elementor-widget-elementskit-heading\" data-id=\"8050cc1\" data-element_type=\"widget\" data-widget_type=\"elementskit-heading.default\">\n\t\t\t\t<div class=\"elementor-widget-container\">\n\t\t\t<div class=\"ekit-wid-con\" ><div class=\"ekit-heading elementskit-section-title-wraper text_center   ekit_heading_tablet-   ekit_heading_mobile-\"><div class=\"ekit_heading_separetor_wraper ekit_heading_elementskit-border-divider elementskit-style-long\"><div class=\"elementskit-border-divider elementskit-style-long\"><\/div><\/div><h2 class=\"ekit-heading--title elementskit-section-title \">levamos aos clientes o melhor atendimento na venda e p\u00f3s venda.<br>Venha saber sobre n\u00f3s!<\/h2><\/div><\/div>\t\t<\/div>\n\t\t\t\t<\/div>\n\t\t\t\t<section class=\"elementor-section elementor-inner-section elementor-element elementor-element-379dffd elementor-section-boxed elementor-section-height-default elementor-section-height-default\" data-id=\"379dffd\" data-element_type=\"section\">\n\t\t\t\t\t\t<div class=\"elementor-container elementor-column-gap-default\">\n\t\t\t\t\t<div class=\"elementor-column elementor-col-50 elementor-inner-column elementor-element elementor-element-c34cd9e\" data-id=\"c34cd9e\" data-element_type=\"column\">\n\t\t\t<div class=\"elementor-widget-wrap elementor-element-populated\">\n\t\t\t\t\t\t\t\t<div class=\"elementor-element elementor-element-6a347a5 elementor-widget elementor-widget-image\" data-id=\"6a347a5\" data-element_type=\"widget\" data-widget_type=\"image.default\">\n\t\t\t\t<div class=\"elementor-widget-container\">\n\t\t\t<style>\/*! elementor - v3.16.0 - 14-09-2023 *\/\n.elementor-widget-image{text-align:center}.elementor-widget-image a{display:inline-block}.elementor-widget-image a img[src$=\".svg\"]{width:48px}.elementor-widget-image img{vertical-align:middle;display:inline-block}<\/style>\t\t\t\t\t\t\t\t\t\t\t\t<img loading=\"lazy\" decoding=\"async\" width=\"800\" height=\"249\" src=\"https:\/\/dlxcorretora.com.br\/wp-content\/uploads\/2022\/09\/logo-dlx.jpg\" class=\"attachment-large size-large wp-image-6938\" alt=\"DLX\" srcset=\"https:\/\/dlxcorretora.com.br\/wp-content\/uploads\/2022\/09\/logo-dlx.jpg 959w, https:\/\/dlxcorretora.com.br\/wp-content\/uploads\/2022\/09\/logo-dlx-300x94.jpg 300w, https:\/\/dlxcorretora.com.br\/wp-content\/uploads\/2022\/09\/logo-dlx-768x239.jpg 768w\" sizes=\"auto, (max-width: 800px) 100vw, 800px\" \/>\t\t\t\t\t\t\t\t\t\t\t\t\t\t\t<\/div>\n\t\t\t\t<\/div>\n\t\t\t\t<div class=\"elementor-element elementor-element-c942cdb elementor-widget elementor-widget-text-editor\" data-id=\"c942cdb\" data-element_type=\"widget\" data-widget_type=\"text-editor.default\">\n\t\t\t\t<div class=\"elementor-widget-container\">\n\t\t\t<style>\/*! elementor - v3.16.0 - 14-09-2023 *\/\n.elementor-widget-text-editor.elementor-drop-cap-view-stacked .elementor-drop-cap{background-color:#69727d;color:#fff}.elementor-widget-text-editor.elementor-drop-cap-view-framed .elementor-drop-cap{color:#69727d;border:3px solid;background-color:transparent}.elementor-widget-text-editor:not(.elementor-drop-cap-view-default) .elementor-drop-cap{margin-top:8px}.elementor-widget-text-editor:not(.elementor-drop-cap-view-default) .elementor-drop-cap-letter{width:1em;height:1em}.elementor-widget-text-editor .elementor-drop-cap{float:left;text-align:center;line-height:1;font-size:50px}.elementor-widget-text-editor .elementor-drop-cap-letter{display:inline-block}<\/style>\t\t\t\t<p><strong><em><span style=\"vertical-align: inherit;\">Com a experi\u00eancia de mais de 10 anos no mercado, levamos aos clientes o melhor atendimento na venda e p\u00f3s venda. Fazendo com que nossos clientes sintam-se seguros o tempo todo!<\/span><\/em><\/strong><\/p>\t\t\t\t\t\t<\/div>\n\t\t\t\t<\/div>\n\t\t\t\t\t<\/div>\n\t\t<\/div>\n\t\t\t\t<div class=\"elementor-column elementor-col-50 elementor-inner-column elementor-element elementor-element-d273ca4\" data-id=\"d273ca4\" data-element_type=\"column\">\n\t\t\t<div class=\"elementor-widget-wrap elementor-element-populated\">\n\t\t\t\t\t\t\t\t<div class=\"elementor-element elementor-element-1736198 shadow elementor-widget elementor-widget-image\" data-id=\"1736198\" data-element_type=\"widget\" data-widget_type=\"image.default\">\n\t\t\t\t<div class=\"elementor-widget-container\">\n\t\t\t\t\t\t\t\t\t\t\t\t\t\t\t\t<a href=\"https:\/\/www.linkedin.com\/in\/danlima3\/\" target=\"_blank\" rel=\"noopener\">\n\t\t\t\t\t\t\t<img loading=\"lazy\" decoding=\"async\" width=\"861\" height=\"1074\" src=\"https:\/\/dlxcorretora.com.br\/wp-content\/uploads\/2022\/11\/Danilo.jpeg\" class=\"attachment-full size-full wp-image-7747\" alt=\"Danilo\" srcset=\"https:\/\/dlxcorretora.com.br\/wp-content\/uploads\/2022\/11\/Danilo.jpeg 861w, https:\/\/dlxcorretora.com.br\/wp-content\/uploads\/2022\/11\/Danilo-241x300.jpeg 241w, https:\/\/dlxcorretora.com.br\/wp-content\/uploads\/2022\/11\/Danilo-821x1024.jpeg 821w, https:\/\/dlxcorretora.com.br\/wp-content\/uploads\/2022\/11\/Danilo-768x958.jpeg 768w\" sizes=\"auto, (max-width: 861px) 100vw, 861px\" \/>\t\t\t\t\t\t\t\t<\/a>\n\t\t\t\t\t\t\t\t\t\t\t\t\t\t\t<\/div>\n\t\t\t\t<\/div>\n\t\t\t\t<div class=\"elementor-element elementor-element-58db5cb elementor-widget elementor-widget-elementskit-heading\" data-id=\"58db5cb\" data-element_type=\"widget\" data-widget_type=\"elementskit-heading.default\">\n\t\t\t\t<div class=\"elementor-widget-container\">\n\t\t\t<div class=\"ekit-wid-con\" ><div class=\"ekit-heading elementskit-section-title-wraper text_left   ekit_heading_tablet-   ekit_heading_mobile-\"><h2 class=\"ekit-heading--title elementskit-section-title \">Danilo Lima<\/h2>\t\t\t\t<div class='ekit-heading__description'>\n\t\t\t\t\t<p><em><span style=\"vertical-align: inherit\"><span style=\"vertical-align: inherit\">Corretor<\/span><\/span><\/em><\/p>\n\t\t\t\t<\/div>\n\t\t\t<\/div><\/div>\t\t<\/div>\n\t\t\t\t<\/div>\n\t\t\t\t\t<\/div>\n\t\t<\/div>\n\t\t\t\t\t\t\t<\/div>\n\t\t<\/section>\n\t\t\t\t\t<\/div>\n\t\t<\/div>\n\t\t\t\t\t\t\t<\/div>\n\t\t<\/section>\n\t\t\t\t<section class=\"elementor-section elementor-top-section elementor-element elementor-element-f8382c0 elementor-section-boxed elementor-section-height-default elementor-section-height-default\" data-id=\"f8382c0\" data-element_type=\"section\">\n\t\t\t\t\t\t<div class=\"elementor-container elementor-column-gap-default\">\n\t\t\t\t\t<div class=\"elementor-column elementor-col-100 elementor-top-column elementor-element elementor-element-3eb5256\" data-id=\"3eb5256\" data-element_type=\"column\">\n\t\t\t<div class=\"elementor-widget-wrap elementor-element-populated\">\n\t\t\t\t\t\t\t\t<div class=\"elementor-element elementor-element-8735509 elementor-widget elementor-widget-text-editor\" data-id=\"8735509\" data-element_type=\"widget\" data-widget_type=\"text-editor.default\">\n\t\t\t\t<div class=\"elementor-widget-container\">\n\t\t\t\t\t\t\t<h4><strong>Sobre N\u00f3s<\/strong><\/h4><h5>Localizada na capital de S\u00e3o Paulo, a DLX tomou sua forma f\u00edsica em julho de 2022, por\u00e9m, nossa experiencia na \u00e1rea comercial e gest\u00e3o de pessoas com maior \u00eanfase no mercado de seguros \u00e9 de mais de 12 anos.<\/h5><h5>\u00a0<\/h5><h5>Nossa experi\u00eancia em atendimento, suporte e p\u00f3s-venda, nos capacita a oferecer um relacionamento s\u00f3lido com os clientes, buscando antecipar e solucionar problemas.<\/h5><h5>Atuamos em diversas modalidades de seguros como, vida, auto e ramos elementares.<\/h5><h5>\u00a0<\/h5><h5>Amparo f\u00edsico, financeiro e emocional a diversas fam\u00edlias \u00e9 o que nos motiva todos os dias. Nossos ideais v\u00e3o al\u00e9m do fechamento de ap\u00f3lices. N\u00e3o trabalhamos para apenas vender seguros, buscamos entregar seguran\u00e7a e tranquilidade diariamente para nossos clientes.<\/h5><h5>\u00a0<\/h5><h5>Atendimento humanizado, \u00e1gil, anal\u00edtico, com foco e transpar\u00eancia \u00e9 o que voc\u00ea encontrar\u00e1 conosco!<\/h5><h5>\u00a0<\/h5><h5>Seja muito bem-vindo \u00e1 DLX!<\/h5><h5>\u00a0<\/h5><h5>SUSEP\u00a0221137039<\/h5><p><span style=\"color: #ff0000;\"><a style=\"color: #ff0000;\" href=\"mailto:danilo.lima@dlxcorretora.com.br\">danilo.lima@dlxcorretora.com.br<\/a><\/span><br \/><br \/><\/p>\t\t\t\t\t\t<\/div>\n\t\t\t\t<\/div>\n\t\t\t\t\t<\/div>\n\t\t<\/div>\n\t\t\t\t\t\t\t<\/div>\n\t\t<\/section>\n\t\t\t\t<section class=\"elementor-section elementor-inner-section elementor-element elementor-element-afc5395 elementor-section-content-middle mobile-left elementor-section-boxed elementor-section-height-default elementor-section-height-default\" data-id=\"afc5395\" data-element_type=\"section\">\n\t\t\t\t\t\t<div class=\"elementor-container elementor-column-gap-no\">\n\t\t\t\t\t<div class=\"elementor-column elementor-col-50 elementor-inner-column elementor-element elementor-element-adf2d34\" data-id=\"adf2d34\" data-element_type=\"column\">\n\t\t\t<div class=\"elementor-widget-wrap elementor-element-populated\">\n\t\t\t\t\t\t\t\t<div class=\"elementor-element elementor-element-8f3e231 elementor-widget elementor-widget-elementskit-heading\" data-id=\"8f3e231\" data-element_type=\"widget\" data-widget_type=\"elementskit-heading.default\">\n\t\t\t\t<div class=\"elementor-widget-container\">\n\t\t\t<div class=\"ekit-wid-con\" ><div class=\"ekit-heading elementskit-section-title-wraper text_center   ekit_heading_tablet-   ekit_heading_mobile-\"><h2 class=\"ekit-heading--title elementskit-section-title \">Proteger voc\u00ea \u00c9 nosso neg\u00f3cio<\/h2><div class=\"ekit_heading_separetor_wraper ekit_heading_elementskit-border-divider elementskit-style-long\"><div class=\"elementskit-border-divider elementskit-style-long\"><\/div><\/div><\/div><\/div>\t\t<\/div>\n\t\t\t\t<\/div>\n\t\t\t\t\t<\/div>\n\t\t<\/div>\n\t\t\t\t<div class=\"elementor-column elementor-col-50 elementor-inner-column elementor-element elementor-element-e3dfbd8\" data-id=\"e3dfbd8\" data-element_type=\"column\">\n\t\t\t<div class=\"elementor-widget-wrap elementor-element-populated\">\n\t\t\t\t\t\t\t\t<div class=\"elementor-element elementor-element-89943fc elementor-widget elementor-widget-elementskit-heading\" data-id=\"89943fc\" data-element_type=\"widget\" data-widget_type=\"elementskit-heading.default\">\n\t\t\t\t<div class=\"elementor-widget-container\">\n\t\t\t<div class=\"ekit-wid-con\" ><div class=\"ekit-heading elementskit-section-title-wraper text_left   ekit_heading_tablet-   ekit_heading_mobile-\">\t\t\t\t<div class='ekit-heading__description'>\n\t\t\t\t\t<p><em><span style=\"vertical-align: inherit\"><span style=\"vertical-align: inherit\"><span style=\"vertical-align: inherit\"><span style=\"vertical-align: inherit\"><span style=\"vertical-align: inherit\"><span style=\"vertical-align: inherit\"><span style=\"vertical-align: inherit\"><span style=\"vertical-align: inherit\"><span style=\"vertical-align: inherit\"><span style=\"vertical-align: inherit\"><span style=\"vertical-align: inherit\"><span style=\"vertical-align: inherit\">Desde 2012, a DLX Corretora de Seguros <\/span><\/span><br \/><span style=\"vertical-align: inherit\"><span style=\"vertical-align: inherit\">atendeu aos seguros! <\/span><\/span><\/span><\/span><\/span><\/span><br \/><span style=\"vertical-align: inherit\"><span style=\"vertical-align: inherit\"><span style=\"vertical-align: inherit\"><span style=\"vertical-align: inherit\"><span style=\"vertical-align: inherit\"><span style=\"vertical-align: inherit\">Protegendo empresas, minimizando perdas, defendendo <\/span><\/span><br \/><span style=\"vertical-align: inherit\"><span style=\"vertical-align: inherit\">voc\u00ea cliente!<\/span><\/span><\/span><\/span><\/span><\/span><\/span><\/span><\/span><\/span><\/span><\/span><\/em><\/p>\n\t\t\t\t<\/div>\n\t\t\t<\/div><\/div>\t\t<\/div>\n\t\t\t\t<\/div>\n\t\t\t\t\t<\/div>\n\t\t<\/div>\n\t\t\t\t\t\t\t<\/div>\n\t\t<\/section>\n\t\t\t\t<section class=\"elementor-section elementor-top-section elementor-element elementor-element-4ec255b elementor-section-boxed elementor-section-height-default elementor-section-height-default\" data-id=\"4ec255b\" data-element_type=\"section\">\n\t\t\t\t\t\t<div class=\"elementor-container elementor-column-gap-default\">\n\t\t\t\t\t<div class=\"elementor-column elementor-col-100 elementor-top-column elementor-element elementor-element-7ad9645\" data-id=\"7ad9645\" data-element_type=\"column\">\n\t\t\t<div class=\"elementor-widget-wrap elementor-element-populated\">\n\t\t\t\t\t\t\t\t<section class=\"elementor-section elementor-inner-section elementor-element elementor-element-2d72823 elementor-section-boxed elementor-section-height-default elementor-section-height-default\" data-id=\"2d72823\" data-element_type=\"section\">\n\t\t\t\t\t\t<div class=\"elementor-container elementor-column-gap-default\">\n\t\t\t\t\t<div class=\"elementor-column elementor-col-50 elementor-inner-column elementor-element elementor-element-febe2b5\" data-id=\"febe2b5\" data-element_type=\"column\">\n\t\t\t<div class=\"elementor-widget-wrap elementor-element-populated\">\n\t\t\t\t\t\t\t\t<div class=\"elementor-element elementor-element-8b2b24b elementor-widget elementor-widget-instive-insurance\" data-id=\"8b2b24b\" data-element_type=\"widget\" data-widget_type=\"instive-insurance.default\">\n\t\t\t\t<div class=\"elementor-widget-container\">\n\t\t\t\n\t\t\t\t\t            <div class=\"ts-feature-box style2\">\n                <h3 class=\"ts-title md\">\n                    <a href=\"https:\/\/dlxcorretora.com.br\/index.php\/service\/seguro-vida\/\"> Seguro Vida <\/a>\n                <\/h3>\n                <div class=\"media\">\n\t\t\t\t\t                        <div class=\"feature-icon d-flex\">\n\t\t\t\t\t\t\t<img loading=\"lazy\" decoding=\"async\" width=\"71\" height=\"70\" src=\"https:\/\/dlxcorretora.com.br\/wp-content\/uploads\/2019\/08\/feature_icon2.png\" class=\"attachment-full size-full wp-post-image\" alt=\"\" \/>                        <\/div>\n\t\t\t\t\t                    <div class=\"media-body\">\n                        <p>\n\t\t\t\t\t\t\tAliquam posuere gravida wolf moon retro. Hella ironic before they sold out pitchfork gastropub dreamccher. gravida vitae euismod quis felis.                        <\/p>\n\t\t\t\t\t\t                            <a href=\"https:\/\/dlxcorretora.com.br\/index.php\/service\/seguro-vida\/\" class=\"btn-link readmore\"> Solicite uma Cota\u00e7\u00e3o <\/a>\n\t\t\t\t\t\t                    <\/div>\n                <\/div>\n            <\/div>\n\t\t\n\t\t\n\t\t\n\t\t\t\t<\/div>\n\t\t\t\t<\/div>\n\t\t\t\t\t<\/div>\n\t\t<\/div>\n\t\t\t\t<div class=\"elementor-column elementor-col-50 elementor-inner-column elementor-element elementor-element-bda4119\" data-id=\"bda4119\" data-element_type=\"column\">\n\t\t\t<div class=\"elementor-widget-wrap elementor-element-populated\">\n\t\t\t\t\t\t\t\t<div class=\"elementor-element elementor-element-68c3beb elementor-widget elementor-widget-instive-insurance\" data-id=\"68c3beb\" data-element_type=\"widget\" data-widget_type=\"instive-insurance.default\">\n\t\t\t\t<div class=\"elementor-widget-container\">\n\t\t\t\n\t\t\t\t\t            <div class=\"ts-feature-box style2\">\n                <h3 class=\"ts-title md\">\n                    <a href=\"https:\/\/dlxcorretora.com.br\/index.php\/service\/seguro-carro\/\"> Seguro Carro <\/a>\n                <\/h3>\n                <div class=\"media\">\n\t\t\t\t\t                        <div class=\"feature-icon d-flex\">\n\t\t\t\t\t\t\t<img loading=\"lazy\" decoding=\"async\" width=\"70\" height=\"58\" src=\"https:\/\/dlxcorretora.com.br\/wp-content\/uploads\/2019\/08\/service_icon1.png\" class=\"attachment-full size-full wp-post-image\" alt=\"\" \/>                        <\/div>\n\t\t\t\t\t                    <div class=\"media-body\">\n                        <p>\n\t\t\t\t\t\t\tAliquam posuere gravida wolf moon retro. Hella ironic before they sold out pitchfork gastropub dreamccher. gravida vitae euismod quis felis.                        <\/p>\n\t\t\t\t\t\t                            <a href=\"https:\/\/dlxcorretora.com.br\/index.php\/service\/seguro-carro\/\" class=\"btn-link readmore\"> Solicite uma Cota\u00e7\u00e3o <\/a>\n\t\t\t\t\t\t                    <\/div>\n                <\/div>\n            <\/div>\n\t\t\n\t\t\n\t\t\n\t\t\t\t<\/div>\n\t\t\t\t<\/div>\n\t\t\t\t\t<\/div>\n\t\t<\/div>\n\t\t\t\t\t\t\t<\/div>\n\t\t<\/section>\n\t\t\t\t<section class=\"elementor-section elementor-inner-section elementor-element elementor-element-6e1c277 elementor-section-boxed elementor-section-height-default elementor-section-height-default\" data-id=\"6e1c277\" data-element_type=\"section\">\n\t\t\t\t\t\t<div class=\"elementor-container elementor-column-gap-default\">\n\t\t\t\t\t<div class=\"elementor-column elementor-col-100 elementor-inner-column elementor-element elementor-element-161d7e9\" data-id=\"161d7e9\" data-element_type=\"column\">\n\t\t\t<div class=\"elementor-widget-wrap elementor-element-populated\">\n\t\t\t\t\t\t\t\t<div class=\"elementor-element elementor-element-401bf1c elementor-widget elementor-widget-instive-insurance\" data-id=\"401bf1c\" data-element_type=\"widget\" data-widget_type=\"instive-insurance.default\">\n\t\t\t\t<div class=\"elementor-widget-container\">\n\t\t\t\n\t\t\t\t\t            <div class=\"ts-feature-box style2\">\n                <h3 class=\"ts-title md\">\n                    <a href=\"https:\/\/dlxcorretora.com.br\/index.php\/service\/seguro-residencial\/\"> Seguro Residencial <\/a>\n                <\/h3>\n                <div class=\"media\">\n\t\t\t\t\t                        <div class=\"feature-icon d-flex\">\n\t\t\t\t\t\t\t<img loading=\"lazy\" decoding=\"async\" width=\"71\" height=\"70\" src=\"https:\/\/dlxcorretora.com.br\/wp-content\/uploads\/2019\/08\/service_icon4.png\" class=\"attachment-full size-full wp-post-image\" alt=\"\" \/>                        <\/div>\n\t\t\t\t\t                    <div class=\"media-body\">\n                        <p>\n\t\t\t\t\t\t\tAliquam posuere gravida wolf moon retro. Hella ironic before they sold out pitchfork gastropub dreamccher. gravida vitae euismod quis felis.                        <\/p>\n\t\t\t\t\t\t                            <a href=\"https:\/\/dlxcorretora.com.br\/index.php\/service\/seguro-residencial\/\" class=\"btn-link readmore\"> Solicite uma Cota\u00e7\u00e3o <\/a>\n\t\t\t\t\t\t                    <\/div>\n                <\/div>\n            <\/div>\n\t\t\n\t\t\n\t\t\n\t\t\t\t<\/div>\n\t\t\t\t<\/div>\n\t\t\t\t\t<\/div>\n\t\t<\/div>\n\t\t\t\t\t\t\t<\/div>\n\t\t<\/section>\n\t\t\t\t\t<\/div>\n\t\t<\/div>\n\t\t\t\t\t\t\t<\/div>\n\t\t<\/section>\n\t\t\t\t<section class=\"elementor-section elementor-top-section elementor-element elementor-element-4cc4083 cta elementor-section-boxed elementor-section-height-default elementor-section-height-default\" data-id=\"4cc4083\" data-element_type=\"section\">\n\t\t\t\t\t\t<div class=\"elementor-container elementor-column-gap-default\">\n\t\t\t\t\t<div class=\"elementor-column elementor-col-100 elementor-top-column elementor-element elementor-element-3c97a4b\" data-id=\"3c97a4b\" data-element_type=\"column\" data-settings=\"{&quot;background_background&quot;:&quot;classic&quot;}\">\n\t\t\t<div class=\"elementor-widget-wrap elementor-element-populated\">\n\t\t\t\t\t<div class=\"elementor-background-overlay\"><\/div>\n\t\t\t\t\t\t\t\t<section class=\"elementor-section elementor-inner-section elementor-element elementor-element-e750812 elementor-section-boxed elementor-section-height-default elementor-section-height-default\" data-id=\"e750812\" data-element_type=\"section\">\n\t\t\t\t\t\t<div class=\"elementor-container elementor-column-gap-default\">\n\t\t\t\t\t<div class=\"elementor-column elementor-col-50 elementor-inner-column elementor-element elementor-element-8af130a\" data-id=\"8af130a\" data-element_type=\"column\">\n\t\t\t<div class=\"elementor-widget-wrap elementor-element-populated\">\n\t\t\t\t\t\t\t\t<div class=\"elementor-element elementor-element-44ecf0a elementor-widget elementor-widget-text-editor\" data-id=\"44ecf0a\" data-element_type=\"widget\" data-widget_type=\"text-editor.default\">\n\t\t\t\t<div class=\"elementor-widget-container\">\n\t\t\t\t\t\t\t<p> Saiba em segundos quais tipos de seguros combinam com o seu neg\u00f3cio.<\/p>\t\t\t\t\t\t<\/div>\n\t\t\t\t<\/div>\n\t\t\t\t\t<\/div>\n\t\t<\/div>\n\t\t\t\t<div class=\"elementor-column elementor-col-50 elementor-inner-column elementor-element elementor-element-f68bcc0\" data-id=\"f68bcc0\" data-element_type=\"column\">\n\t\t\t<div class=\"elementor-widget-wrap elementor-element-populated\">\n\t\t\t\t\t\t\t\t<div class=\"elementor-element elementor-element-a24b8c2 elementor-widget elementor-widget-elementskit-button\" data-id=\"a24b8c2\" data-element_type=\"widget\" data-widget_type=\"elementskit-button.default\">\n\t\t\t\t<div class=\"elementor-widget-container\">\n\t\t\t<div class=\"ekit-wid-con\" >\t\t<div class=\"ekit-btn-wraper\">\n\t\t\t\t\t\t\t<a href=\"http:\/\/dlxcorretora.com.br\/\" class=\"elementskit-btn  whitespace--normal\">\n\t\t\t\t\t\n\t\t\t\t\t\n\t\t\t\t\tSaiba Mais\t\t\t\t<\/a>\n\t\t\t\t\t\t<\/div>\n        <\/div>\t\t<\/div>\n\t\t\t\t<\/div>\n\t\t\t\t\t<\/div>\n\t\t<\/div>\n\t\t\t\t\t\t\t<\/div>\n\t\t<\/section>\n\t\t\t\t\t<\/div>\n\t\t<\/div>\n\t\t\t\t\t\t\t<\/div>\n\t\t<\/section>\n\t\t\t\t<section class=\"elementor-section elementor-inner-section elementor-element elementor-element-864682a elementor-section-content-middle mobile-left elementor-section-boxed elementor-section-height-default elementor-section-height-default\" data-id=\"864682a\" data-element_type=\"section\" data-settings=\"{&quot;background_background&quot;:&quot;classic&quot;}\">\n\t\t\t\t\t\t<div class=\"elementor-container elementor-column-gap-no\">\n\t\t\t\t\t<div class=\"elementor-column elementor-col-50 elementor-inner-column elementor-element elementor-element-47a3be3\" data-id=\"47a3be3\" data-element_type=\"column\">\n\t\t\t<div class=\"elementor-widget-wrap elementor-element-populated\">\n\t\t\t\t\t\t\t\t<div class=\"elementor-element elementor-element-2b3bb9d elementor-widget elementor-widget-elementskit-heading\" data-id=\"2b3bb9d\" data-element_type=\"widget\" data-widget_type=\"elementskit-heading.default\">\n\t\t\t\t<div class=\"elementor-widget-container\">\n\t\t\t<div class=\"ekit-wid-con\" ><div class=\"ekit-heading elementskit-section-title-wraper text_right   ekit_heading_tablet-   ekit_heading_mobile-\"><h2 class=\"ekit-heading--title elementskit-section-title \">DLX CORRETORA<\/h2><div class=\"ekit_heading_separetor_wraper ekit_heading_elementskit-border-divider elementskit-style-long\"><div class=\"elementskit-border-divider elementskit-style-long\"><\/div><\/div><\/div><\/div>\t\t<\/div>\n\t\t\t\t<\/div>\n\t\t\t\t\t<\/div>\n\t\t<\/div>\n\t\t\t\t<div class=\"elementor-column elementor-col-50 elementor-inner-column elementor-element elementor-element-958675f\" data-id=\"958675f\" data-element_type=\"column\">\n\t\t\t<div class=\"elementor-widget-wrap elementor-element-populated\">\n\t\t\t\t\t\t\t\t<div class=\"elementor-element elementor-element-37d4eb1 elementor-widget elementor-widget-elementskit-heading\" data-id=\"37d4eb1\" data-element_type=\"widget\" data-widget_type=\"elementskit-heading.default\">\n\t\t\t\t<div class=\"elementor-widget-container\">\n\t\t\t<div class=\"ekit-wid-con\" ><div class=\"ekit-heading elementskit-section-title-wraper text_left   ekit_heading_tablet-   ekit_heading_mobile-\">\t\t\t\t<div class='ekit-heading__description'>\n\t\t\t\t\t<p>Nosso objetivo \u00e9 trabalhar sempre, protegendo seu patrim\u00f4nio , minimizando perdas, defendendo seus interesses.<\/p>\n\t\t\t\t<\/div>\n\t\t\t<\/div><\/div>\t\t<\/div>\n\t\t\t\t<\/div>\n\t\t\t\t\t<\/div>\n\t\t<\/div>\n\t\t\t\t\t\t\t<\/div>\n\t\t<\/section>\n\t\t\t\t\t\t\t<\/div>\n\t\t","protected":false},"excerpt":{"rendered":"<p>levamos aos clientes o melhor atendimento na venda e p\u00f3s venda.Venha saber sobre n\u00f3s! Com a experi\u00eancia de mais de 10 anos no mercado, levamos aos clientes o melhor atendimento na venda e p\u00f3s venda. Fazendo com que nossos clientes sintam-se seguros o tempo todo! Danilo Lima Corretor Sobre N\u00f3s Localizada na capital de S\u00e3o [&hellip;]<\/p>\n","protected":false},"author":1,"featured_media":0,"parent":0,"menu_order":0,"comment_status":"closed","ping_status":"closed","template":"template\/full-width-template.php","meta":{"om_disable_all_campaigns":false,"_monsterinsights_skip_tracking":false,"_monsterinsights_sitenote_active":false,"_monsterinsights_sitenote_note":"","_monsterinsights_sitenote_category":0,"footnotes":""},"class_list":["post-2180","page","type-page","status-publish","hentry"],"_links":{"self":[{"href":"https:\/\/dlxcorretora.com.br\/index.php\/wp-json\/wp\/v2\/pages\/2180","targetHints":{"allow":["GET"]}}],"collection":[{"href":"https:\/\/dlxcorretora.com.br\/index.php\/wp-json\/wp\/v2\/pages"}],"about":[{"href":"https:\/\/dlxcorretora.com.br\/index.php\/wp-json\/wp\/v2\/types\/page"}],"author":[{"embeddable":true,"href":"https:\/\/dlxcorretora.com.br\/index.php\/wp-json\/wp\/v2\/users\/1"}],"replies":[{"embeddable":true,"href":"https:\/\/dlxcorretora.com.br\/index.php\/wp-json\/wp\/v2\/comments?post=2180"}],"version-history":[{"count":120,"href":"https:\/\/dlxcorretora.com.br\/index.php\/wp-json\/wp\/v2\/pages\/2180\/revisions"}],"predecessor-version":[{"id":7903,"href":"https:\/\/dlxcorretora.com.br\/index.php\/wp-json\/wp\/v2\/pages\/2180\/revisions\/7903"}],"wp:attachment":[{"href":"https:\/\/dlxcorretora.com.br\/index.php\/wp-json\/wp\/v2\/media?parent=2180"}],"curies":[{"name":"wp","href":"https:\/\/api.w.org\/{rel}","templated":true}]}}